{"id":15,"date":"2017-12-10T18:05:34","date_gmt":"2017-12-10T18:05:34","guid":{"rendered":"https:\/\/nezaboravljenigrad.com\/?page_id=15"},"modified":"2026-03-11T10:19:22","modified_gmt":"2026-03-11T10:19:22","slug":"kontakt","status":"publish","type":"page","link":"https:\/\/nezaboravljenigrad.com\/index.php\/kontakt\/","title":{"rendered":"Kontakt"},"content":{"rendered":"<p>Za nas publiciranje knjige <i>Mostarska Hurqualya: (Ne)Zaboravljeni grad<\/i> je samo po\u010detak mapiranja pri\u010di i iskustava. Ukoliko \u017eelite da nam se javite ili podijelite va\u0161e pri\u010de i fotografije koji se vezuju za Partizanski spomenik u Mostaru, pi\u0161ite nam na na\u0161u e-mail adresu: <span style=\"color: #3b5b7d;\"><strong>nezaboravljenigrad[at]gmail.com<\/strong><\/span><\/p>","protected":false},"excerpt":{"rendered":"<p>Za nas publiciranje knjige Mostarska Hurqualya: (Ne)Zaboravljeni grad je samo po\u010detak mapiranja pri\u010di i iskustava. Ukoliko \u017eelite da nam se javite ili podijelite va\u0161e pri\u010de i fotografije koji se vezuju za Partizanski spomenik u Mostaru, pi\u0161ite nam na na\u0161u e-mail adresu: nezaboravljenigrad[at]gmail.com<\/p>\n","protected":false},"author":1,"featured_media":0,"parent":0,"menu_order":0,"comment_status":"closed","ping_status":"closed","template":"","meta":{"footnotes":""},"class_list":["post-15","page","type-page","status-publish","hentry"],"_links":{"self":[{"href":"https:\/\/nezaboravljenigrad.com\/index.php\/wp-json\/wp\/v2\/pages\/15","targetHints":{"allow":["GET"]}}],"collection":[{"href":"https:\/\/nezaboravljenigrad.com\/index.php\/wp-json\/wp\/v2\/pages"}],"about":[{"href":"https:\/\/nezaboravljenigrad.com\/index.php\/wp-json\/wp\/v2\/types\/page"}],"author":[{"embeddable":true,"href":"https:\/\/nezaboravljenigrad.com\/index.php\/wp-json\/wp\/v2\/users\/1"}],"replies":[{"embeddable":true,"href":"https:\/\/nezaboravljenigrad.com\/index.php\/wp-json\/wp\/v2\/comments?post=15"}],"version-history":[{"count":12,"href":"https:\/\/nezaboravljenigrad.com\/index.php\/wp-json\/wp\/v2\/pages\/15\/revisions"}],"predecessor-version":[{"id":369,"href":"https:\/\/nezaboravljenigrad.com\/index.php\/wp-json\/wp\/v2\/pages\/15\/revisions\/369"}],"wp:attachment":[{"href":"https:\/\/nezaboravljenigrad.com\/index.php\/wp-json\/wp\/v2\/media?parent=15"}],"curies":[{"name":"wp","href":"https:\/\/api.w.org\/{rel}","templated":true}]}}