{"id":11,"date":"2017-12-10T18:04:03","date_gmt":"2017-12-10T18:04:03","guid":{"rendered":"https:\/\/nezaboravljenigrad.com\/?page_id=11"},"modified":"2018-09-01T13:17:54","modified_gmt":"2018-09-01T13:17:54","slug":"pocetna","status":"publish","type":"page","link":"https:\/\/nezaboravljenigrad.com\/","title":{"rendered":"Po\u010detna"},"content":{"rendered":"<p><a href=\"https:\/\/nezaboravljenigrad.com\/index.php\/knjiga\/\"><img loading=\"lazy\" decoding=\"async\" class=\"alignright\" src=\"https:\/\/nezaboravljenigrad.com\/wp-content\/uploads\/2018\/09\/Mala.jpg\" alt=\"\" width=\"410\" height=\"346\" \/><\/a>\u201cPoput grada u gradu\u201d, bila je to \u201cprava igraonica, turbo-svemirska\u201d, \u201cpark\u201d, djelo dubrova\u010dkih klesara Brade i Mikela, spomenik koji je \u201ckomunizam izgradio za sebe\u201d, \u201cmetafora za stari i novi sistem\u201d, i \u201csimbol crvenog terora\u201d. \u010cetrnaest pripovjeda\u010da tako su opisali Partizansko spomen-groblje u Mostaru nakon \u0161to su bili pozvani da podijele svoje pri\u010de, sje\u0107anja, iskustva i fotografije. Spomenik koji je projektirao poznati jugoslovenski arhitekt Bogdan Bogdanovi\u0107, sagra\u0111en je 1965. u znak sje\u0107anja na Partizane stradale u Drugom svjetskom ratu. Danas je izlo\u017een \u010destim devastacijama te slu\u017ei kao sredstvo otvorenih politi\u010dkih obra\u010duna.<\/p>\n<p style=\"text-align: left;\">\u017dele\u0107i zabilje\u017eiti stanje u kojem se trenutno nalazi arhitektonsko djelo, predstaviti raznolikost stavova koji ga okru\u017euju i kriti\u010dki promisliti mogu\u0107nosti njegovog ponovnog kori\u0161tenja, grupa mladih iz regije i svijeta, okupljenih oko projekta, pred sebe su stavili cilj prikupljanja narativnih i vizuelnih sje\u0107anja u publikaciji koja bi bila dostupna svima. Tako je nastala <i>Mostarska Hurqualya: (Ne)Zaboravljeni grad<\/i>.<\/p>\n<p style=\"text-align: left;\">Knjiga je tematski organizirana u sedam poglavlja: <i>Prostor, Umjetnost, Simboli, Politika, Historija, Emocije i Budu\u0107nost<\/i>, i otvara dijalog sa fragmentima pro\u0161losti, sada\u0161njosti i budu\u0107nosti. Refleksije koje su prikupljene kroz seriju razgovora i susreta vra\u0107aju u sredi\u0161te pa\u017enje kompleksnost svakodnevnog susretanja ljudi i spomenika.<\/p>\n<p>Knjigu mo\u017eete besplatno preuzeti <span style=\"color: #3b5b7d;\"><a href=\"https:\/\/nezaboravljenigrad.com\/index.php\/knjiga\/\">OVDJE<\/a><\/span>.<\/p>","protected":false},"excerpt":{"rendered":"<p>\u201cPoput grada u gradu\u201d, bila je to \u201cprava igraonica, turbo-svemirska\u201d, \u201cpark\u201d, djelo dubrova\u010dkih klesara Brade i Mikela, spomenik koji je \u201ckomunizam izgradio za sebe\u201d, \u201cmetafora za stari i novi sistem\u201d, i \u201csimbol crvenog terora\u201d. \u010cetrnaest pripovjeda\u010da tako su opisali Partizansko spomen-groblje u Mostaru nakon \u0161to su bili pozvani da podijele svoje pri\u010de, sje\u0107anja, iskustva i [&hellip;]<\/p>\n","protected":false},"author":1,"featured_media":0,"parent":0,"menu_order":0,"comment_status":"closed","ping_status":"closed","template":"","meta":{"footnotes":""},"class_list":["post-11","page","type-page","status-publish","hentry"],"_links":{"self":[{"href":"https:\/\/nezaboravljenigrad.com\/index.php\/wp-json\/wp\/v2\/pages\/11","targetHints":{"allow":["GET"]}}],"collection":[{"href":"https:\/\/nezaboravljenigrad.com\/index.php\/wp-json\/wp\/v2\/pages"}],"about":[{"href":"https:\/\/nezaboravljenigrad.com\/index.php\/wp-json\/wp\/v2\/types\/page"}],"author":[{"embeddable":true,"href":"https:\/\/nezaboravljenigrad.com\/index.php\/wp-json\/wp\/v2\/users\/1"}],"replies":[{"embeddable":true,"href":"https:\/\/nezaboravljenigrad.com\/index.php\/wp-json\/wp\/v2\/comments?post=11"}],"version-history":[{"count":29,"href":"https:\/\/nezaboravljenigrad.com\/index.php\/wp-json\/wp\/v2\/pages\/11\/revisions"}],"predecessor-version":[{"id":355,"href":"https:\/\/nezaboravljenigrad.com\/index.php\/wp-json\/wp\/v2\/pages\/11\/revisions\/355"}],"wp:attachment":[{"href":"https:\/\/nezaboravljenigrad.com\/index.php\/wp-json\/wp\/v2\/media?parent=11"}],"curies":[{"name":"wp","href":"https:\/\/api.w.org\/{rel}","templated":true}]}}